{"id":1289,"date":"2020-07-15T08:37:28","date_gmt":"2020-07-15T08:37:28","guid":{"rendered":"https:\/\/concept-reisen.com\/?page_id=1289"},"modified":"2020-11-27T10:49:35","modified_gmt":"2020-11-27T10:49:35","slug":"tansania-private-camping-safaris-2","status":"publish","type":"page","link":"https:\/\/concept-reisen.com\/?page_id=1289","title":{"rendered":"Tansania private Camping Safaris"},"content":{"rendered":"<h2>Private Camping Safaris<br \/>\nim norden tansanias<\/h2>\n<p style=\"text-align: center; padding-left: 40px;\">Bei privaten Camping-Safaris werden sogenannte special- oder private campsites benutzt.<\/p>\n<p>Dies sind Zeltpl\u00e4tze innerhalb der Wildschutzgebiete ohne jegliche Infrastruktur, die im voraus gebucht werden m\u00fcssen und den G\u00e4sten exklusiv zur Verf\u00fcgung stehen.<\/p>\n<p>Da diese zu bestimmten Zeiten in bestimmten Gebieten sehr stark nachgefragt werden, ist hierf\u00fcr eine langfristige Vorausplanung erforderlich.<\/p>\n<p>Zus\u00e4tzlich zur Camping-Ausr\u00fcstung m\u00fcssen in diesem Fall auch Toiletten (Chemo-Klo oder \u201elong drop\u201c) und Busch-Duschen (\u201ebucket shower\u201c) mitgef\u00fchrt werden.<br \/>\nDiese Campingvariante bietet ein H\u00f6chstma\u00df an Privatsph\u00e4re und Naturn\u00e4he. Wichtig zu wissen ist in diesem Zusammenhang, dass die Zeltpl\u00e4tze nicht eingez\u00e4unt sind, so dass wilde Tiere durch das Camp spazieren k\u00f6nnen.<br \/>\nEntsprechende Verhaltensma\u00dfregeln sind zu beachten. Generell werden diese Zeltpl\u00e4tze nicht bewacht.<br \/>\nAufgrund des relativ hohen Aufwands sollte man mindestens 3 N\u00e4chte am St\u00fcck auf einer Special-Campsite verbringen.<\/p>\n<p>\t\t\t\t\t\t\t\t\t\t<img decoding=\"async\" width=\"800\" height=\"531\" src=\"https:\/\/concept-reisen.com\/wp-content\/uploads\/2020\/06\/StandardCamping2011-10-1024x680.jpg\" alt=\"\" loading=\"lazy\" srcset=\"https:\/\/concept-reisen.com\/wp-content\/uploads\/2020\/06\/StandardCamping2011-10-1024x680.jpg 1024w, https:\/\/concept-reisen.com\/wp-content\/uploads\/2020\/06\/StandardCamping2011-10-300x199.jpg 300w, https:\/\/concept-reisen.com\/wp-content\/uploads\/2020\/06\/StandardCamping2011-10-768x510.jpg 768w, https:\/\/concept-reisen.com\/wp-content\/uploads\/2020\/06\/StandardCamping2011-10-1536x1020.jpg 1536w, https:\/\/concept-reisen.com\/wp-content\/uploads\/2020\/06\/StandardCamping2011-10.jpg 1626w\" sizes=\"auto, (max-width: 800px) 100vw, 800px\" \/><br \/>\n\t\t\t\t\t\t\t\t\t\t<img decoding=\"async\" width=\"800\" height=\"531\" src=\"https:\/\/concept-reisen.com\/wp-content\/uploads\/2020\/06\/StandardCamping2011-2.jpg\" alt=\"\" loading=\"lazy\" srcset=\"https:\/\/concept-reisen.com\/wp-content\/uploads\/2020\/06\/StandardCamping2011-2.jpg 1024w, https:\/\/concept-reisen.com\/wp-content\/uploads\/2020\/06\/StandardCamping2011-2-300x199.jpg 300w, https:\/\/concept-reisen.com\/wp-content\/uploads\/2020\/06\/StandardCamping2011-2-768x510.jpg 768w\" sizes=\"auto, (max-width: 800px) 100vw, 800px\" \/>\t\t\t\t\t\t\t\t\t\t\t<\/p>\n<p>Wir bieten unseren Private-Camping-Safaris haupts\u00e4chlich das sogenannte Standard-Camping an, bei dem ger\u00e4umige Wohnzelte mit gro\u00dfen Safari-Betten und einem eigenen Sanit\u00e4rtrakt unmittelbar hinter dem Zelt benutzt werden.<br \/>\nIn diesem Fall wird die Ausr\u00fcstung mit einem separaten Versorgungsfahrzeug transportiert, und es steht eigenes Personal zur Verf\u00fcgung.<br \/>\nDas Standard- Camping lohnt sich insbesondere f\u00fcr Familien und kleine Gruppen und biete eine Atmosph\u00e4re a la Out of Africa. Das abendliche Lagerfeuer geh\u00f6rt selbstverst\u00e4ndlich auch dazu. <\/p>\n<h3>Versorgung<\/h3>\n<p>Gegessen wird in einem separaten <i>mess tent<\/i>.<br \/>\nF\u00fcr hei\u00dfe Getr\u00e4nke wie Tee und Kaffee ist gesorgt, andere nicht alkoholische Getr\u00e4nke sollten vor Abfahrt in Arusha je nach Bedarf eingekauft werden bzw. stehen gegen Bezahlung zur Verf\u00fcgung.<\/p>\n<p>\t\t\t\t\t\t\t\t\t\t<img decoding=\"async\" width=\"800\" height=\"531\" src=\"https:\/\/concept-reisen.com\/wp-content\/uploads\/2020\/06\/StandardCamping2011-4-1024x680.jpg\" alt=\"\" loading=\"lazy\" srcset=\"https:\/\/concept-reisen.com\/wp-content\/uploads\/2020\/06\/StandardCamping2011-4-1024x680.jpg 1024w, https:\/\/concept-reisen.com\/wp-content\/uploads\/2020\/06\/StandardCamping2011-4-300x199.jpg 300w, https:\/\/concept-reisen.com\/wp-content\/uploads\/2020\/06\/StandardCamping2011-4-768x510.jpg 768w, https:\/\/concept-reisen.com\/wp-content\/uploads\/2020\/06\/StandardCamping2011-4-1536x1020.jpg 1536w, https:\/\/concept-reisen.com\/wp-content\/uploads\/2020\/06\/StandardCamping2011-4.jpg 1626w\" sizes=\"auto, (max-width: 800px) 100vw, 800px\" \/>\t\t\t\t\t\t\t\t\t\t\t<\/p>\n<p style=\"text-align: center;\">Download Bereich<\/p>\n<p style=\"text-align: center;\">Private Camping-Safari-Vorschl\u00e4ge\u00a0<\/p>\n<p>\t\t\t<a href=\"https:\/\/concept-reisen.com\/pdf-tansania-norden\/\" target=\"_blank\" rel=\"noopener noreferrer\"><br \/>\n\t\t\t\t\t\t<\/a><\/p>\n","protected":false},"excerpt":{"rendered":"<p>Private Camping Safaris im norden tansanias Bei privaten Camping-Safaris werden sogenannte special- oder private campsites benutzt. Dies sind Zeltpl\u00e4tze innerhalb der Wildschutzgebiete ohne jegliche Infrastruktur, die im voraus gebucht werden m\u00fcssen und den G\u00e4sten exklusiv zur Verf\u00fcgung stehen. Da diese zu bestimmten Zeiten in bestimmten Gebieten sehr stark nachgefragt werden, ist hierf\u00fcr eine langfristige Vorausplanung [&hellip;]<\/p>\n","protected":false},"author":1,"featured_media":0,"parent":0,"menu_order":0,"comment_status":"closed","ping_status":"closed","template":"","meta":{"footnotes":""},"class_list":["post-1289","page","type-page","status-publish","hentry"],"_links":{"self":[{"href":"https:\/\/concept-reisen.com\/index.php?rest_route=\/wp\/v2\/pages\/1289","targetHints":{"allow":["GET"]}}],"collection":[{"href":"https:\/\/concept-reisen.com\/index.php?rest_route=\/wp\/v2\/pages"}],"about":[{"href":"https:\/\/concept-reisen.com\/index.php?rest_route=\/wp\/v2\/types\/page"}],"author":[{"embeddable":true,"href":"https:\/\/concept-reisen.com\/index.php?rest_route=\/wp\/v2\/users\/1"}],"replies":[{"embeddable":true,"href":"https:\/\/concept-reisen.com\/index.php?rest_route=%2Fwp%2Fv2%2Fcomments&post=1289"}],"version-history":[{"count":21,"href":"https:\/\/concept-reisen.com\/index.php?rest_route=\/wp\/v2\/pages\/1289\/revisions"}],"predecessor-version":[{"id":3497,"href":"https:\/\/concept-reisen.com\/index.php?rest_route=\/wp\/v2\/pages\/1289\/revisions\/3497"}],"wp:attachment":[{"href":"https:\/\/concept-reisen.com\/index.php?rest_route=%2Fwp%2Fv2%2Fmedia&parent=1289"}],"curies":[{"name":"wp","href":"https:\/\/api.w.org\/{rel}","templated":true}]}}