{"id":332,"date":"2020-06-17T08:37:21","date_gmt":"2020-06-17T08:37:21","guid":{"rendered":"https:\/\/concept-reisen.com\/?page_id=332"},"modified":"2022-09-13T10:30:09","modified_gmt":"2022-09-13T10:30:09","slug":"rueckruf-service-concept","status":"publish","type":"page","link":"https:\/\/concept-reisen.com\/?page_id=332","title":{"rendered":"R\u00fcckruf- Service"},"content":{"rendered":"<h3>Sie m\u00f6chten von uns kontaktiert werden?<\/h3>\n<p style=\"text-align: center;\">Bitte tragen Sie in diesem Formular die notwendigen Daten ein\u00a0oder geben Sie uns einen Hinweis \u00fcber was Sie sprechen m\u00f6chten und wir rufen Sie zu Ihrem Wunschtermin zuverl\u00e4ssig und kompetent zur\u00fcck.<\/p>\n<p>\t\t\t<iframe frameborder=\"0\" scrolling=\"no\" marginheight=\"0\" marginwidth=\"0\"\n\t\t\t\t\tsrc=\"https:\/\/maps.google.com\/maps?q=Concept%20Reisen%2C%20Geisbergstra%C3%9Fe%2C%20Berlin&#038;t=m&#038;z=15&#038;output=embed&#038;iwloc=near\"\n\t\t\t\t\ttitle=\"Concept Reisen, Geisbergstra\u00dfe, Berlin\"\n\t\t\t\t\taria-label=\"Concept Reisen, Geisbergstra\u00dfe, Berlin\"\n\t\t\t><\/iframe><\/p>\n<h3>\n\t\t\t\t\t\tGeisbergstra\u00dfe, 10777 Berlin; Deutschland<br \/>\n\t\t\t\t<\/h3>\n<h3>\n\t\t\t\t\t\t030 218 40 53<br \/>\n\t\t\t\t<\/h3>\n<h3>\n\t\t\t\t\t\t030 211 91 30<br \/>\n\t\t\t\t<\/h3>\n<h3>\n\t\t\t\t\t\tinfo@concept-reisen.de<br \/>\n\t\t\t\t<\/h3>\n","protected":false},"excerpt":{"rendered":"<p>Sie m\u00f6chten von uns kontaktiert werden? Bitte tragen Sie in diesem Formular die notwendigen Daten ein\u00a0oder geben Sie uns einen Hinweis \u00fcber was Sie sprechen m\u00f6chten und wir rufen Sie zu Ihrem Wunschtermin zuverl\u00e4ssig und kompetent zur\u00fcck. Geisbergstra\u00dfe, 10777 Berlin; Deutschland 030 218 40 53 030 211 91 30 info@concept-reisen.de<\/p>\n","protected":false},"author":1,"featured_media":0,"parent":0,"menu_order":0,"comment_status":"closed","ping_status":"closed","template":"","meta":{"footnotes":""},"class_list":["post-332","page","type-page","status-publish","hentry"],"_links":{"self":[{"href":"https:\/\/concept-reisen.com\/index.php?rest_route=\/wp\/v2\/pages\/332","targetHints":{"allow":["GET"]}}],"collection":[{"href":"https:\/\/concept-reisen.com\/index.php?rest_route=\/wp\/v2\/pages"}],"about":[{"href":"https:\/\/concept-reisen.com\/index.php?rest_route=\/wp\/v2\/types\/page"}],"author":[{"embeddable":true,"href":"https:\/\/concept-reisen.com\/index.php?rest_route=\/wp\/v2\/users\/1"}],"replies":[{"embeddable":true,"href":"https:\/\/concept-reisen.com\/index.php?rest_route=%2Fwp%2Fv2%2Fcomments&post=332"}],"version-history":[{"count":47,"href":"https:\/\/concept-reisen.com\/index.php?rest_route=\/wp\/v2\/pages\/332\/revisions"}],"predecessor-version":[{"id":3701,"href":"https:\/\/concept-reisen.com\/index.php?rest_route=\/wp\/v2\/pages\/332\/revisions\/3701"}],"wp:attachment":[{"href":"https:\/\/concept-reisen.com\/index.php?rest_route=%2Fwp%2Fv2%2Fmedia&parent=332"}],"curies":[{"name":"wp","href":"https:\/\/api.w.org\/{rel}","templated":true}]}}