{"id":3550,"date":"2021-05-14T13:50:42","date_gmt":"2021-05-14T13:50:42","guid":{"rendered":"https:\/\/concept-reisen.com\/?page_id=3550"},"modified":"2021-05-14T15:14:01","modified_gmt":"2021-05-14T15:14:01","slug":"10-tage-tour","status":"publish","type":"page","link":"https:\/\/concept-reisen.com\/?page_id=3550","title":{"rendered":"10 Tage Tour"},"content":{"rendered":"<h2>Erstaunliches Sri Lanka<br \/>Sri Lanka Tour<\/h2>\n<p><a href=\"#dayone\"><strong>Tag 1 <\/strong>Ankunft Negombo<\/a><\/p>\n<hr \/>\n<p><a href=\"#daytwo\"><strong>Tag 2\u00a0<\/strong> Negombo<\/a><\/p>\n<hr \/>\n<p><a href=\"#daythree\"><strong>Tag 3<\/strong> Dambulla<\/a><\/p>\n<hr \/>\n<p><a href=\"#daythree\"><strong>Tag 4 <\/strong>Dambulla\u00a0<\/a><\/p>\n<hr \/>\n<p><a href=\"#dayfife\"><strong>Tag 5 <\/strong>Kandy<\/a><\/p>\n<hr \/>\n<p><a href=\"#dayfife\"><strong>Tag 6<\/strong> Nuwara Eliya<\/a><\/p>\n<hr \/>\n<p><a href=\"#dayseven\"><strong>Tag 7 <\/strong>Yala<\/a><\/p>\n<hr \/>\n<p><a href=\"#dayseven\"><strong>Tag 8 <\/strong>Hikkaduwa<\/a><\/p>\n<hr \/>\n<p><a href=\"#daynine\"><strong>Tag 9 <\/strong>Colombo<\/a><\/p>\n<hr \/>\n<p><a href=\"#daynine\"><strong>Tag 10 <\/strong>Abflug<\/a><\/p>\n<p>\t\t\t\t\t\t\t<a href=\"https:\/\/concept-reisen.com\/wp-content\/uploads\/2020\/10\/Sri-Lanka-Thumbnail-Tourism.jpg\" data-elementor-open-lightbox=\"yes\" data-elementor-lightbox-slideshow=\"bb14285\" data-elementor-lightbox-title=\"Sri Lanka Thumbnail Tourism\" data-elementor-lightbox-video=\"https:\/\/www.youtube.com\/embed\/RHtZOCB8b-w?feature=oembed&amp;autoplay=1&amp;rel=0&amp;controls=0\"><br \/>\n\t\t\t\t\tPlay<br \/>\n\t\t<\/a><br \/>\n\t\t\t\t\t\t\t<a href=\"https:\/\/concept-reisen.com\/wp-content\/uploads\/2020\/10\/Sri-Lanka-Tourism-2.jpg\" data-elementor-open-lightbox=\"yes\" data-elementor-lightbox-slideshow=\"bb14285\" data-elementor-lightbox-title=\"Sri Lanka Tourism 2\" data-elementor-lightbox-video=\"https:\/\/www.youtube.com\/embed\/RHtZOCB8b-w?feature=oembed&amp;autoplay=1&amp;rel=0&amp;controls=0\"><br \/>\n\t\t\t\t\tPlay<br \/>\n\t\t<\/a><br \/>\n\t\t\t\t\t\t\t<a href=\"https:\/\/concept-reisen.com\/wp-content\/uploads\/2020\/10\/Sri-Lanka-Encounters.jpg\" data-elementor-open-lightbox=\"yes\" data-elementor-lightbox-slideshow=\"bb14285\" data-elementor-lightbox-title=\"Sri Lanka Encounters\" data-elementor-lightbox-video=\"https:\/\/www.youtube.com\/embed\/W7_Z-1DOLj8?feature=oembed&amp;autoplay=1&amp;rel=0&amp;controls=0\"><br \/>\n\t\t\t\t\tPlay<br \/>\n\t\t<\/a><br \/>\n\t\t\t\t\t\t\t<a href=\"https:\/\/concept-reisen.com\/wp-content\/uploads\/2020\/10\/Sri-Lanka-Heritage-2019.jpg\" data-elementor-open-lightbox=\"yes\" data-elementor-lightbox-slideshow=\"bb14285\" data-elementor-lightbox-title=\"Sri Lanka Heritage 2019\" data-elementor-lightbox-video=\"https:\/\/www.youtube.com\/embed\/_I_5E1eVnIs?feature=oembed&amp;autoplay=1&amp;rel=0&amp;controls=0\"><br \/>\n\t\t\t\t\tPlay<br \/>\n\t\t<\/a><br \/>\n\t\t\t\t\t\t\tVoriger<br \/>\n\t\t\t\t\t\t\tN\u00e4chster<\/p>\n<ul>\n<li>\n\t\t\t\t\t\t\t\t\t\tTag 1 &#038; 2\n\t\t\t\t\t\t\t\t\t<\/li>\n<\/ul>\n<h3>Negombo<\/h3>\n<p>Bei Ihrer Ankunft am Colombo International Airport werden Sie von unseren dort anwesenden und zust\u00e4ndigen Partnern begr\u00fc\u00dft und danach zu dem von Ihnen ausgew\u00e4hlten Hotel in Negombo gefahren.<br \/>\nUnternehmen Sie eine Nachmittags-Stadt-Tour durch Negombo.<br \/>\nSie bekommen einen ersten Eindruck von der Gastfreundschaft des Landes bevor Ihre Rundreise startet.<\/p>\n<p>\t\t\t\t\t\t\t\t\t\t\t\t<img decoding=\"async\" width=\"800\" height=\"600\" src=\"https:\/\/concept-reisen.com\/wp-content\/uploads\/2021\/05\/Tourism-Sri-lanka-fishing-boats-1024x768.jpg\" alt=\"\" loading=\"lazy\" srcset=\"https:\/\/concept-reisen.com\/wp-content\/uploads\/2021\/05\/Tourism-Sri-lanka-fishing-boats-1024x768.jpg 1024w, https:\/\/concept-reisen.com\/wp-content\/uploads\/2021\/05\/Tourism-Sri-lanka-fishing-boats-300x225.jpg 300w, https:\/\/concept-reisen.com\/wp-content\/uploads\/2021\/05\/Tourism-Sri-lanka-fishing-boats-768x576.jpg 768w, https:\/\/concept-reisen.com\/wp-content\/uploads\/2021\/05\/Tourism-Sri-lanka-fishing-boats-1536x1152.jpg 1536w, https:\/\/concept-reisen.com\/wp-content\/uploads\/2021\/05\/Tourism-Sri-lanka-fishing-boats.jpg 1800w\" sizes=\"auto, (max-width: 800px) 100vw, 800px\" \/><br \/>\n\t\t\t\t\t\t\t\t\t\t\t\t<img decoding=\"async\" width=\"800\" height=\"532\" src=\"https:\/\/concept-reisen.com\/wp-content\/uploads\/2021\/05\/Angurukaramulla-1024x681.jpg\" alt=\"\" loading=\"lazy\" srcset=\"https:\/\/concept-reisen.com\/wp-content\/uploads\/2021\/05\/Angurukaramulla-1024x681.jpg 1024w, https:\/\/concept-reisen.com\/wp-content\/uploads\/2021\/05\/Angurukaramulla-300x200.jpg 300w, https:\/\/concept-reisen.com\/wp-content\/uploads\/2021\/05\/Angurukaramulla-768x511.jpg 768w, https:\/\/concept-reisen.com\/wp-content\/uploads\/2021\/05\/Angurukaramulla.jpg 1200w\" sizes=\"auto, (max-width: 800px) 100vw, 800px\" \/>\t\t\t\t\t\t\t\t\t\t\t\t\t\t<\/p>\n<h3>Negombo<\/h3>\n<p>Am zweiten Tag eures Abenteuers erkunden Sie die Fischer Stadt inklusive derer kolonialen Historie.\n<\/p>\n<ul>\n<li>\n\t\t\t\t\t\t\t\t\t\tTag 3 &#038; 4\n\t\t\t\t\t\t\t\t\t<\/li>\n<\/ul>\n<h3>Dambulla<\/h3>\n<p>Nach dem Fr\u00fchst\u00fcck fahren Sie nach Dambulla und besteigen das UNESCO-Welterbe- den Sigiriya Rock Fortress und das Palace Complex, welche Ihnen einen atemberaubendes Ausblick bietet.\n<\/p>\n<p>\t\t\t\t\t\t\t\t\t\t\t\t<img decoding=\"async\" width=\"800\" height=\"1205\" src=\"https:\/\/concept-reisen.com\/wp-content\/uploads\/2020\/07\/3-64-Polonnaruwa-Gal-Vihare--1360x2048.jpg\" alt=\"\" loading=\"lazy\" srcset=\"https:\/\/concept-reisen.com\/wp-content\/uploads\/2020\/07\/3-64-Polonnaruwa-Gal-Vihare--1360x2048.jpg 1360w, https:\/\/concept-reisen.com\/wp-content\/uploads\/2020\/07\/3-64-Polonnaruwa-Gal-Vihare--199x300.jpg 199w, https:\/\/concept-reisen.com\/wp-content\/uploads\/2020\/07\/3-64-Polonnaruwa-Gal-Vihare--680x1024.jpg 680w, https:\/\/concept-reisen.com\/wp-content\/uploads\/2020\/07\/3-64-Polonnaruwa-Gal-Vihare--768x1156.jpg 768w, https:\/\/concept-reisen.com\/wp-content\/uploads\/2020\/07\/3-64-Polonnaruwa-Gal-Vihare--1020x1536.jpg 1020w, https:\/\/concept-reisen.com\/wp-content\/uploads\/2020\/07\/3-64-Polonnaruwa-Gal-Vihare-.jpg 1539w\" sizes=\"auto, (max-width: 800px) 100vw, 800px\" \/><br \/>\n\t\t\t\t\t\t\t\t\t\t\t\t<img decoding=\"async\" width=\"800\" height=\"534\" src=\"https:\/\/concept-reisen.com\/wp-content\/uploads\/2021\/05\/bigstock-Dambulla-Sri-Lanka-January-286093168-70-1024x683.jpg\" alt=\"\" loading=\"lazy\" srcset=\"https:\/\/concept-reisen.com\/wp-content\/uploads\/2021\/05\/bigstock-Dambulla-Sri-Lanka-January-286093168-70-1024x683.jpg 1024w, https:\/\/concept-reisen.com\/wp-content\/uploads\/2021\/05\/bigstock-Dambulla-Sri-Lanka-January-286093168-70-300x200.jpg 300w, https:\/\/concept-reisen.com\/wp-content\/uploads\/2021\/05\/bigstock-Dambulla-Sri-Lanka-January-286093168-70-768x512.jpg 768w, https:\/\/concept-reisen.com\/wp-content\/uploads\/2021\/05\/bigstock-Dambulla-Sri-Lanka-January-286093168-70-1536x1024.jpg 1536w, https:\/\/concept-reisen.com\/wp-content\/uploads\/2021\/05\/bigstock-Dambulla-Sri-Lanka-January-286093168-70-2048x1365.jpg 2048w\" sizes=\"auto, (max-width: 800px) 100vw, 800px\" \/>\t\t\t\t\t\t\t\t\t\t\t\t\t\t<\/p>\n<h3>Dambulla<\/h3>\n<p>Nach dem Fr\u00fchst\u00fcck unternehmen Sie eine Tour durch die antike, ehemalige zweite Hauptstadt Polonnaruwa, welche zudem Stellplatz f\u00fcr die Disney Dokumentation &#8222;Im Reich der Affen&#8220; ist.<br \/>\nWeitergehend besuchen Sie am Nachmittag den Kaudulla Nationalpark, indem unteranderem Elefanten in ihrem nat\u00fcrlichen Lebensraum zu bewundern sind.<\/p>\n<ul>\n<li>\n\t\t\t\t\t\t\t\t\t\tTag 5 &#038; 6\n\t\t\t\t\t\t\t\t\t<\/li>\n<\/ul>\n<h3>Kandy<\/h3>\n<p>Bekommen Sie einen Einblick in die Kultur und dem Erbe Sri Lankas<br \/>\nAm Nachmittag haben Sie dann die M\u00f6glichkeit den botanischen Garten Peradeniya zu besuchen, welche bekannt ist f\u00fcr ihre Kollektion von Orchideen und 4000 weitere Pflanzenarten. Zudem erkunden Sie den &#8222;Temple of Tooth&#8220;, welcher im k\u00f6nglichen Palast Komplex steht und den Zahn Buddhas beinhaltet.\n<\/p>\n<p>\t\t\t\t\t\t\t\t\t\t\t\t<img decoding=\"async\" width=\"800\" height=\"600\" src=\"https:\/\/concept-reisen.com\/wp-content\/uploads\/2021\/05\/jaromir-kavan-i9eaAR4dWi8-unsplash-38-2048x1536.jpg\" alt=\"\" loading=\"lazy\" srcset=\"https:\/\/concept-reisen.com\/wp-content\/uploads\/2021\/05\/jaromir-kavan-i9eaAR4dWi8-unsplash-38-2048x1536.jpg 2048w, https:\/\/concept-reisen.com\/wp-content\/uploads\/2021\/05\/jaromir-kavan-i9eaAR4dWi8-unsplash-38-300x225.jpg 300w, https:\/\/concept-reisen.com\/wp-content\/uploads\/2021\/05\/jaromir-kavan-i9eaAR4dWi8-unsplash-38-1024x768.jpg 1024w, https:\/\/concept-reisen.com\/wp-content\/uploads\/2021\/05\/jaromir-kavan-i9eaAR4dWi8-unsplash-38-768x576.jpg 768w, https:\/\/concept-reisen.com\/wp-content\/uploads\/2021\/05\/jaromir-kavan-i9eaAR4dWi8-unsplash-38-1536x1152.jpg 1536w\" sizes=\"auto, (max-width: 800px) 100vw, 800px\" \/><br \/>\n\t\t\t\t\t\t\t\t\t\t\t\t<img decoding=\"async\" width=\"800\" height=\"599\" src=\"https:\/\/concept-reisen.com\/wp-content\/uploads\/2021\/05\/Kandy_View-45-1024x767.jpg\" alt=\"\" loading=\"lazy\" srcset=\"https:\/\/concept-reisen.com\/wp-content\/uploads\/2021\/05\/Kandy_View-45-1024x767.jpg 1024w, https:\/\/concept-reisen.com\/wp-content\/uploads\/2021\/05\/Kandy_View-45-300x225.jpg 300w, https:\/\/concept-reisen.com\/wp-content\/uploads\/2021\/05\/Kandy_View-45-768x575.jpg 768w, https:\/\/concept-reisen.com\/wp-content\/uploads\/2021\/05\/Kandy_View-45-1536x1150.jpg 1536w, https:\/\/concept-reisen.com\/wp-content\/uploads\/2021\/05\/Kandy_View-45-2048x1534.jpg 2048w\" sizes=\"auto, (max-width: 800px) 100vw, 800px\" \/>\t\t\t\t\t\t\t\t\t\t\t\t\t\t<\/p>\n<h3>Nuwara Eliya<\/h3>\n<p>c<\/p>\n<ul>\n<li>\n\t\t\t\t\t\t\t\t\t\tTag 7 &#038; 8\n\t\t\t\t\t\t\t\t\t<\/li>\n<\/ul>\n<h3>Yala<\/h3>\n<p>Am heutigen Tag unternehmen Sie eine Safari im Yala National Park.<br \/>\nDieser Park ist ber\u00fchmt f\u00fcr die Begegnungen mit Elefanten und Leoparden und bekommen Sie einen Einblick in das nat\u00fcrliche Leben dieser atemberaubenden Tiere.<\/p>\n<p>\t\t\t\t\t\t\t\t\t\t\t\t<img decoding=\"async\" width=\"800\" height=\"533\" src=\"https:\/\/concept-reisen.com\/wp-content\/uploads\/2021\/05\/aditya-siva-oolMDaGRRDQ-unsplash-49-1-1024x682.jpg\" alt=\"\" loading=\"lazy\" srcset=\"https:\/\/concept-reisen.com\/wp-content\/uploads\/2021\/05\/aditya-siva-oolMDaGRRDQ-unsplash-49-1-1024x682.jpg 1024w, https:\/\/concept-reisen.com\/wp-content\/uploads\/2021\/05\/aditya-siva-oolMDaGRRDQ-unsplash-49-1-300x200.jpg 300w, https:\/\/concept-reisen.com\/wp-content\/uploads\/2021\/05\/aditya-siva-oolMDaGRRDQ-unsplash-49-1-768x511.jpg 768w, https:\/\/concept-reisen.com\/wp-content\/uploads\/2021\/05\/aditya-siva-oolMDaGRRDQ-unsplash-49-1-1536x1023.jpg 1536w, https:\/\/concept-reisen.com\/wp-content\/uploads\/2021\/05\/aditya-siva-oolMDaGRRDQ-unsplash-49-1-2048x1364.jpg 2048w\" sizes=\"auto, (max-width: 800px) 100vw, 800px\" \/><br \/>\n\t\t\t\t\t\t\t\t\t\t\t\t<img decoding=\"async\" width=\"800\" height=\"534\" src=\"https:\/\/concept-reisen.com\/wp-content\/uploads\/2021\/05\/geoff-brooks-3TwThGdEUZA-unsplash-50-1024x683.jpg\" alt=\"\" loading=\"lazy\" srcset=\"https:\/\/concept-reisen.com\/wp-content\/uploads\/2021\/05\/geoff-brooks-3TwThGdEUZA-unsplash-50-1024x683.jpg 1024w, https:\/\/concept-reisen.com\/wp-content\/uploads\/2021\/05\/geoff-brooks-3TwThGdEUZA-unsplash-50-300x200.jpg 300w, https:\/\/concept-reisen.com\/wp-content\/uploads\/2021\/05\/geoff-brooks-3TwThGdEUZA-unsplash-50-768x512.jpg 768w, https:\/\/concept-reisen.com\/wp-content\/uploads\/2021\/05\/geoff-brooks-3TwThGdEUZA-unsplash-50-1536x1025.jpg 1536w, https:\/\/concept-reisen.com\/wp-content\/uploads\/2021\/05\/geoff-brooks-3TwThGdEUZA-unsplash-50-2048x1366.jpg 2048w\" sizes=\"auto, (max-width: 800px) 100vw, 800px\" \/>\t\t\t\t\t\t\t\t\t\t\t\t\t\t<\/p>\n<h3>Hikkaduwa<\/h3>\n<p>Am achten Tag besuchen Sie die Galle Dutch Fort, welche bereits im 17 Jahrhundert von den Niederl\u00e4ndern gebaut wurde.<\/p>\n<ul>\n<li>\n\t\t\t\t\t\t\t\t\t\tTag 9 &#038; 10\n\t\t\t\t\t\t\t\t\t<\/li>\n<\/ul>\n<h3>Colombo<\/h3>\n<p>Nach dem Fr\u00fchst\u00fcck k\u00f6nnen Sie an einer Stadttour durch Colombo teilnehmen und den Rest des Tages nach eigenen Ermessen gestalten.\n<\/p>\n<p>\t\t\t\t\t\t\t\t\t\t\t\t<img decoding=\"async\" width=\"800\" height=\"534\" src=\"https:\/\/concept-reisen.com\/wp-content\/uploads\/2021\/05\/statues-2314216_1920-1024x683.jpg\" alt=\"\" loading=\"lazy\" srcset=\"https:\/\/concept-reisen.com\/wp-content\/uploads\/2021\/05\/statues-2314216_1920-1024x683.jpg 1024w, https:\/\/concept-reisen.com\/wp-content\/uploads\/2021\/05\/statues-2314216_1920-300x200.jpg 300w, https:\/\/concept-reisen.com\/wp-content\/uploads\/2021\/05\/statues-2314216_1920-768x512.jpg 768w, https:\/\/concept-reisen.com\/wp-content\/uploads\/2021\/05\/statues-2314216_1920-1536x1024.jpg 1536w, https:\/\/concept-reisen.com\/wp-content\/uploads\/2021\/05\/statues-2314216_1920.jpg 1920w\" sizes=\"auto, (max-width: 800px) 100vw, 800px\" \/>\t\t\t\t\t\t\t\t\t\t\t\t\t\t<\/p>\n<h3>Abflug<\/h3>\n<p>Ihre Tour endet heute nach dem Fr\u00fchst\u00fcck und Ihr Transfer zur\u00fcck zum Flughafen wird rechtzeitig f\u00fcr Ihren Abflug bereitgestellt.<br \/>\nOptional k\u00f6nnen Sie mit einem Aufenthalt am Strand f\u00fcr bis zu 7 weiteren N\u00e4chten verl\u00e4ngern.<\/p>\n","protected":false},"excerpt":{"rendered":"<p>Erstaunliches Sri LankaSri Lanka Tour Tag 1 Ankunft Negombo Tag 2\u00a0 Negombo Tag 3 Dambulla Tag 4 Dambulla\u00a0 Tag 5 Kandy Tag 6 Nuwara Eliya Tag 7 Yala Tag 8 Hikkaduwa Tag 9 Colombo Tag 10 Abflug Play Play Play Play Voriger N\u00e4chster Tag 1 &#038; 2 Negombo Bei Ihrer Ankunft am Colombo International Airport [&hellip;]<\/p>\n","protected":false},"author":1,"featured_media":0,"parent":0,"menu_order":0,"comment_status":"closed","ping_status":"closed","template":"","meta":{"footnotes":""},"class_list":["post-3550","page","type-page","status-publish","hentry"],"_links":{"self":[{"href":"https:\/\/concept-reisen.com\/index.php?rest_route=\/wp\/v2\/pages\/3550","targetHints":{"allow":["GET"]}}],"collection":[{"href":"https:\/\/concept-reisen.com\/index.php?rest_route=\/wp\/v2\/pages"}],"about":[{"href":"https:\/\/concept-reisen.com\/index.php?rest_route=\/wp\/v2\/types\/page"}],"author":[{"embeddable":true,"href":"https:\/\/concept-reisen.com\/index.php?rest_route=\/wp\/v2\/users\/1"}],"replies":[{"embeddable":true,"href":"https:\/\/concept-reisen.com\/index.php?rest_route=%2Fwp%2Fv2%2Fcomments&post=3550"}],"version-history":[{"count":15,"href":"https:\/\/concept-reisen.com\/index.php?rest_route=\/wp\/v2\/pages\/3550\/revisions"}],"predecessor-version":[{"id":3628,"href":"https:\/\/concept-reisen.com\/index.php?rest_route=\/wp\/v2\/pages\/3550\/revisions\/3628"}],"wp:attachment":[{"href":"https:\/\/concept-reisen.com\/index.php?rest_route=%2Fwp%2Fv2%2Fmedia&parent=3550"}],"curies":[{"name":"wp","href":"https:\/\/api.w.org\/{rel}","templated":true}]}}